{"id":5948,"date":"2020-04-25T13:40:40","date_gmt":"2020-04-25T13:40:40","guid":{"rendered":"http:\/\/sk-jachtbouw.nl\/vereinigung-sk-vloot\/"},"modified":"2020-12-01T22:51:36","modified_gmt":"2020-12-01T22:51:36","slug":"vereinigung-sk-vloot","status":"publish","type":"page","link":"https:\/\/sk-jachtbouw.nl\/de\/vereinigung-sk-vloot\/","title":{"rendered":"Vereinigung SK vloot"},"content":{"rendered":"<p>[et_pb_section fb_built=&#8220;1&#8243; fullwidth=&#8220;on&#8220; _builder_version=&#8220;4.4.5&#8243; animation_style=&#8220;flip&#8220;][et_pb_fullwidth_slider use_text_overlay=&#8220;off&#8220; _builder_version=&#8220;4.7.4&#8243; animation_style=&#8220;fold&#8220; auto=&#8220;on&#8220; hover_enabled=&#8220;0&#8243; sticky_enabled=&#8220;0&#8243;][et_pb_slide _builder_version=&#8220;4.7.4&#8243; background_enable_color=&#8220;off&#8220; background_image=&#8220;https:\/\/sk-jachtbouw.nl\/wp-content\/uploads\/sk-vloot_12_.jpg&#8220; background_enable_image=&#8220;on&#8220; hover_enabled=&#8220;0&#8243; sticky_transition=&#8220;on&#8220; title_text=&#8220;sk-vloot_12_&#8220; sticky_enabled=&#8220;0&#8243;][\/et_pb_slide][et_pb_slide _builder_version=&#8220;4.4.5&#8243; background_enable_color=&#8220;off&#8220; background_image=&#8220;https:\/\/sk-jachtbouw.nl\/wp-content\/uploads\/sk-vloot_11.jpg&#8220; background_enable_image=&#8220;on&#8220; sticky_transition=&#8220;on&#8220;][\/et_pb_slide][et_pb_slide _builder_version=&#8220;4.4.5&#8243; background_enable_color=&#8220;off&#8220; background_image=&#8220;https:\/\/sk-jachtbouw.nl\/wp-content\/uploads\/sk-vloot_06.jpg&#8220; background_enable_image=&#8220;on&#8220; sticky_transition=&#8220;on&#8220;][\/et_pb_slide][et_pb_slide _builder_version=&#8220;4.4.5&#8243; background_enable_color=&#8220;off&#8220; background_image=&#8220;https:\/\/sk-jachtbouw.nl\/wp-content\/uploads\/sk-vloot_10.jpg&#8220; background_enable_image=&#8220;on&#8220; sticky_transition=&#8220;on&#8220;][\/et_pb_slide][et_pb_slide _builder_version=&#8220;4.4.5&#8243; background_enable_color=&#8220;off&#8220; background_image=&#8220;https:\/\/sk-jachtbouw.nl\/wp-content\/uploads\/sk-vloot_07.jpg&#8220; background_enable_image=&#8220;on&#8220; sticky_transition=&#8220;on&#8220;][\/et_pb_slide][et_pb_slide _builder_version=&#8220;4.4.5&#8243; background_enable_color=&#8220;off&#8220; background_image=&#8220;https:\/\/sk-jachtbouw.nl\/wp-content\/uploads\/sk-vloot_08.jpg&#8220; background_enable_image=&#8220;on&#8220; sticky_transition=&#8220;on&#8220;][\/et_pb_slide][et_pb_slide _builder_version=&#8220;4.4.5&#8243; background_enable_color=&#8220;off&#8220; background_image=&#8220;https:\/\/sk-jachtbouw.nl\/wp-content\/uploads\/sk-vloot_09.jpg&#8220; background_enable_image=&#8220;on&#8220; sticky_transition=&#8220;on&#8220;][\/et_pb_slide][et_pb_slide _builder_version=&#8220;4.4.5&#8243; background_enable_color=&#8220;off&#8220; background_image=&#8220;https:\/\/sk-jachtbouw.nl\/wp-content\/uploads\/sk-vloot_02.jpg&#8220; background_enable_image=&#8220;on&#8220; sticky_transition=&#8220;on&#8220;][\/et_pb_slide][et_pb_slide _builder_version=&#8220;4.4.7&#8243; background_enable_color=&#8220;off&#8220; background_image=&#8220;https:\/\/sk-jachtbouw.nl\/wp-content\/uploads\/sk-vloot_14.jpg&#8220; background_enable_image=&#8220;on&#8220; sticky_transition=&#8220;on&#8220;][\/et_pb_slide][et_pb_slide _builder_version=&#8220;4.6.5&#8243; background_enable_color=&#8220;off&#8220; background_image=&#8220;https:\/\/sk-jachtbouw.nl\/wp-content\/uploads\/sk-vloot_15.jpg&#8220; background_enable_image=&#8220;on&#8220; sticky_transition=&#8220;on&#8220;][\/et_pb_slide][et_pb_slide _builder_version=&#8220;4.4.5&#8243; background_enable_color=&#8220;off&#8220; background_image=&#8220;https:\/\/sk-jachtbouw.nl\/wp-content\/uploads\/sk-vloot_04.jpg&#8220; background_enable_image=&#8220;on&#8220; sticky_transition=&#8220;on&#8220;][\/et_pb_slide][et_pb_slide _builder_version=&#8220;4.4.5&#8243; background_enable_color=&#8220;off&#8220; background_image=&#8220;https:\/\/sk-jachtbouw.nl\/wp-content\/uploads\/sk-vloot_05.jpg&#8220; background_enable_image=&#8220;on&#8220; sticky_transition=&#8220;on&#8220;][\/et_pb_slide][et_pb_slide _builder_version=&#8220;4.4.5&#8243; background_enable_color=&#8220;off&#8220; background_image=&#8220;https:\/\/sk-jachtbouw.nl\/wp-content\/uploads\/sk-vloot_13.jpg&#8220; background_enable_image=&#8220;on&#8220; sticky_transition=&#8220;on&#8220;][\/et_pb_slide][et_pb_slide _builder_version=&#8220;4.6.5&#8243; background_enable_color=&#8220;off&#8220; background_image=&#8220;https:\/\/sk-jachtbouw.nl\/wp-content\/uploads\/sk-vloot_17.jpg&#8220; background_enable_image=&#8220;on&#8220; sticky_transition=&#8220;on&#8220;][\/et_pb_slide][et_pb_slide _builder_version=&#8220;4.6.5&#8243; background_enable_color=&#8220;off&#8220; background_image=&#8220;https:\/\/sk-jachtbouw.nl\/wp-content\/uploads\/sk-vloot_16.jpg&#8220; background_enable_image=&#8220;on&#8220; sticky_transition=&#8220;on&#8220;][\/et_pb_slide][\/et_pb_fullwidth_slider][\/et_pb_section][et_pb_section fb_built=&#8220;1&#8243; _builder_version=&#8220;4.4.5&#8243; custom_margin=&#8220;||21px|||&#8220; custom_padding=&#8220;26px||14px|||&#8220;][et_pb_row column_structure=&#8220;3_5,2_5&#8243; _builder_version=&#8220;4.4.5&#8243; custom_padding=&#8220;15px|||||&#8220;][et_pb_column type=&#8220;3_5&#8243; _builder_version=&#8220;4.4.5&#8243;][et_pb_text _builder_version=&#8220;4.4.5&#8243;]<\/p>\n<h1 style=\"text-align: center;\">Vereinigung SK vloot<\/h1>\n<p style=\"text-align: center;\">Am Sonntag 2. M\u00e4rz 2008 wurde in Nijkerk die Vereinigung f\u00fcr SK-Fahrer gegr\u00fcndet. Nach einem Aufruf in einer Wassersportzeitschrift meldeten sich 20 SK-Eigner\/innen an. Nach einer gut besuchten Gr\u00fcndungsversammlung schrieben die Mitglieder das folgende Motto auf ihre Fahnen: \u201ePlezier in varen en verhalen\u201c. (\u201eSpa\u00df beim Fahren und erz\u00e4hlen\u201c).<\/p>\n<p>[\/et_pb_text][et_pb_button button_url=&#8220;http:\/\/www.skvloot.nl\/&#8220; url_new_window=&#8220;on&#8220; button_text=&#8220;Zu den Homepage Vereinigung SK vloot&#8220; button_alignment=&#8220;center&#8220; _builder_version=&#8220;4.4.5&#8243; custom_button=&#8220;on&#8220; button_text_color=&#8220;#ffffff&#8220; button_bg_color=&#8220;#0c71c3&#8243; button_border_width=&#8220;0px&#8220; button_border_radius=&#8220;10px&#8220; button_icon_placement=&#8220;left&#8220; button_on_hover=&#8220;off&#8220; animation_style=&#8220;bounce&#8220; button_bg_color__hover_enabled=&#8220;on|hover&#8220; button_bg_color__hover=&#8220;rgba(12,113,195,0.82)&#8220; button_bg_enable_color__hover=&#8220;on&#8220;][\/et_pb_button][\/et_pb_column][et_pb_column type=&#8220;2_5&#8243; _builder_version=&#8220;4.4.5&#8243;][et_pb_image src=&#8220;https:\/\/sk-jachtbouw.nl\/wp-content\/uploads\/site-sk-vloot.jpg&#8220; title_text=&#8220;site-sk-vloot&#8220; url=&#8220;http:\/\/www.skvloot.nl\/&#8220; url_new_window=&#8220;on&#8220; align=&#8220;center&#8220; _builder_version=&#8220;4.4.5&#8243; border_radii=&#8220;on|8px|8px|8px|8px&#8220; box_shadow_style=&#8220;preset1&#8243; box_shadow_vertical=&#8220;6px&#8220; box_shadow_blur=&#8220;29px&#8220; box_shadow_color=&#8220;rgba(91,129,175,0.69)&#8220; transform_styles__hover_enabled=&#8220;on|hover&#8220; transform_scale__hover_enabled=&#8220;on|hover&#8220; transform_translate__hover_enabled=&#8220;on|desktop&#8220; transform_rotate__hover_enabled=&#8220;on|desktop&#8220; transform_skew__hover_enabled=&#8220;on|desktop&#8220; transform_origin__hover_enabled=&#8220;on|desktop&#8220; transform_scale__hover=&#8220;103%|103%&#8220;][\/et_pb_image][\/et_pb_column][\/et_pb_row][\/et_pb_section][et_pb_section fb_built=&#8220;1&#8243; fullwidth=&#8220;on&#8220; _builder_version=&#8220;4.4.5&#8243; background_image=&#8220;https:\/\/sk-jachtbouw.nl\/wp-content\/uploads\/bg_lucht.jpg&#8220; custom_css_main_element=&#8220;overflow:hidden;&#8220;][et_pb_fullwidth_image src=&#8220;https:\/\/sk-jachtbouw.nl\/wp-content\/uploads\/spacer.png&#8220; title_text=&#8220;sk-vloot-vlag&#8220; _builder_version=&#8220;4.4.5&#8243; background_image=&#8220;https:\/\/sk-jachtbouw.nl\/wp-content\/uploads\/sk-vloot-vlag.png&#8220; background_size=&#8220;initial&#8220; background_position=&#8220;top_center&#8220; background_repeat=&#8220;repeat-x&#8220; height=&#8220;166px&#8220; height_tablet=&#8220;166px&#8220; height_phone=&#8220;120px&#8220; height_last_edited=&#8220;on|phone&#8220; custom_margin=&#8220;16px||||false|false&#8220; custom_padding=&#8220;||||false|false&#8220; background_last_edited=&#8220;on|phone&#8220; background_image_phone=&#8220;https:\/\/sk-jachtbouw.nl\/wp-content\/uploads\/sk-vloot-vlag_mob.png&#8220; background_enable_image_phone=&#8220;on&#8220; custom_css_main_element=&#8220;overflow:visible;&#8220; title_text_phone=&#8220;sk-vloot-vlag_mob&#8220;][\/et_pb_fullwidth_image][\/et_pb_section]<\/p>\n","protected":false},"excerpt":{"rendered":"<p>Vereinigung SK vloot Am Sonntag 2. M\u00e4rz 2008 wurde in Nijkerk die Vereinigung f\u00fcr SK-Fahrer gegr\u00fcndet. Nach einem Aufruf in einer Wassersportzeitschrift meldeten sich 20 SK-Eigner\/innen an. Nach einer gut besuchten Gr\u00fcndungsversammlung schrieben die Mitglieder das folgende Motto auf ihre Fahnen: \u201ePlezier in varen en verhalen\u201c. (\u201eSpa\u00df beim Fahren und erz\u00e4hlen\u201c).<\/p>\n","protected":false},"author":1,"featured_media":0,"parent":0,"menu_order":0,"comment_status":"closed","ping_status":"closed","template":"","meta":{"_et_pb_use_builder":"on","_et_pb_old_content":"","_et_gb_content_width":"","footnotes":""},"class_list":["post-5948","page","type-page","status-publish","hentry"],"_links":{"self":[{"href":"https:\/\/sk-jachtbouw.nl\/de\/wp-json\/wp\/v2\/pages\/5948"}],"collection":[{"href":"https:\/\/sk-jachtbouw.nl\/de\/wp-json\/wp\/v2\/pages"}],"about":[{"href":"https:\/\/sk-jachtbouw.nl\/de\/wp-json\/wp\/v2\/types\/page"}],"author":[{"embeddable":true,"href":"https:\/\/sk-jachtbouw.nl\/de\/wp-json\/wp\/v2\/users\/1"}],"replies":[{"embeddable":true,"href":"https:\/\/sk-jachtbouw.nl\/de\/wp-json\/wp\/v2\/comments?post=5948"}],"version-history":[{"count":6,"href":"https:\/\/sk-jachtbouw.nl\/de\/wp-json\/wp\/v2\/pages\/5948\/revisions"}],"predecessor-version":[{"id":6783,"href":"https:\/\/sk-jachtbouw.nl\/de\/wp-json\/wp\/v2\/pages\/5948\/revisions\/6783"}],"wp:attachment":[{"href":"https:\/\/sk-jachtbouw.nl\/de\/wp-json\/wp\/v2\/media?parent=5948"}],"curies":[{"name":"wp","href":"https:\/\/api.w.org\/{rel}","templated":true}]}}