{"id":5693,"date":"2020-05-11T13:35:33","date_gmt":"2020-05-11T13:35:33","guid":{"rendered":"http:\/\/sk-jachtbouw.nl\/reiseberichte\/"},"modified":"2021-01-26T12:10:29","modified_gmt":"2021-01-26T12:10:29","slug":"reiseberichte","status":"publish","type":"page","link":"https:\/\/sk-jachtbouw.nl\/de\/reiseberichte\/","title":{"rendered":"Reiseberichte"},"content":{"rendered":"<p>[et_pb_section fb_built=&#8220;1&#8243; fullwidth=&#8220;on&#8220; _builder_version=&#8220;4.4.5&#8243;][et_pb_fullwidth_slider use_text_overlay=&#8220;off&#8220; _builder_version=&#8220;4.7.4&#8243; animation_style=&#8220;fold&#8220; auto=&#8220;on&#8220;][et_pb_slide _builder_version=&#8220;4.7.4&#8243; background_enable_color=&#8220;off&#8220; background_image=&#8220;https:\/\/sk-jachtbouw.nl\/wp-content\/uploads\/1998-x-666_reizen_01_.jpg&#8220; background_enable_image=&#8220;on&#8220; sticky_transition=&#8220;on&#8220;][\/et_pb_slide][et_pb_slide _builder_version=&#8220;4.4.5&#8243; background_enable_color=&#8220;off&#8220; background_image=&#8220;https:\/\/sk-jachtbouw.nl\/wp-content\/uploads\/reis-versl_03.jpg&#8220; background_enable_image=&#8220;on&#8220; sticky_transition=&#8220;on&#8220;][\/et_pb_slide][et_pb_slide _builder_version=&#8220;4.4.5&#8243; background_enable_color=&#8220;off&#8220; background_image=&#8220;https:\/\/sk-jachtbouw.nl\/wp-content\/uploads\/reis-versl_02.jpg&#8220; background_enable_image=&#8220;on&#8220; sticky_transition=&#8220;on&#8220;][\/et_pb_slide][et_pb_slide _builder_version=&#8220;4.4.5&#8243; background_enable_color=&#8220;off&#8220; background_image=&#8220;https:\/\/sk-jachtbouw.nl\/wp-content\/uploads\/reis-versl_07.jpg&#8220; background_enable_image=&#8220;on&#8220; sticky_transition=&#8220;on&#8220;][\/et_pb_slide][et_pb_slide _builder_version=&#8220;4.4.5&#8243; background_enable_color=&#8220;off&#8220; background_image=&#8220;https:\/\/sk-jachtbouw.nl\/wp-content\/uploads\/reis-versl_06.jpg&#8220; background_enable_image=&#8220;on&#8220; sticky_transition=&#8220;on&#8220;][\/et_pb_slide][et_pb_slide _builder_version=&#8220;4.4.5&#8243; background_enable_color=&#8220;off&#8220; background_image=&#8220;https:\/\/sk-jachtbouw.nl\/wp-content\/uploads\/reis-versl_05.jpg&#8220; background_enable_image=&#8220;on&#8220; sticky_transition=&#8220;on&#8220;][\/et_pb_slide][et_pb_slide _builder_version=&#8220;4.4.5&#8243; background_enable_color=&#8220;off&#8220; background_image=&#8220;https:\/\/sk-jachtbouw.nl\/wp-content\/uploads\/reis-versl_04.jpg&#8220; background_enable_image=&#8220;on&#8220; sticky_transition=&#8220;on&#8220;][\/et_pb_slide][et_pb_slide _builder_version=&#8220;4.4.7&#8243; background_enable_color=&#8220;off&#8220; background_image=&#8220;https:\/\/sk-jachtbouw.nl\/wp-content\/uploads\/1998-x-666_royal-sloep.jpg&#8220; background_enable_image=&#8220;on&#8220; sticky_transition=&#8220;on&#8220;][\/et_pb_slide][\/et_pb_fullwidth_slider][\/et_pb_section][et_pb_section fb_built=&#8220;1&#8243; _builder_version=&#8220;4.4.5&#8243; custom_padding=&#8220;19px|||||&#8220;][et_pb_row column_structure=&#8220;1_3,2_3&#8243; custom_padding_last_edited=&#8220;on|phone&#8220; _builder_version=&#8220;4.4.5&#8243; custom_margin_tablet=&#8220;&#8220; custom_margin_phone=&#8220;||||false|false&#8220; custom_margin_last_edited=&#8220;on|phone&#8220; custom_padding=&#8220;||||false|false&#8220; custom_padding_tablet=&#8220;&#8220; custom_padding_phone=&#8220;15px||||false|false&#8220;][et_pb_column type=&#8220;1_3&#8243; _builder_version=&#8220;4.4.5&#8243;][et_pb_text _builder_version=&#8220;4.4.5&#8243; header_5_text_align=&#8220;right&#8220; header_5_line_height=&#8220;1.9em&#8220; header_5_text_align_tablet=&#8220;left&#8220; header_5_text_align_phone=&#8220;left&#8220; header_5_text_align_last_edited=&#8220;on|phone&#8220; header_5_line_height_tablet=&#8220;1.5em&#8220; header_5_line_height_phone=&#8220;1.3em&#8220; header_5_line_height_last_edited=&#8220;on|phone&#8220;]<\/p>\n<h5><strong>Einige unserer Kunden m\u00f6chten die Geschichten \u00fcber die Reisen mit ihrer SK-Jacht gerne mit Ihnen teilen. Die nachstehenden Reiseberichte erz\u00e4hlen ihre Erlebnisse. <\/strong>(Leider nur in niederl\u00e4ndischer Sprache abrufbar).<\/h5>\n<p>[\/et_pb_text][et_pb_text _builder_version=&#8220;4.4.5&#8243; header_4_text_align=&#8220;right&#8220; header_4_text_align_tablet=&#8220;left&#8220; header_4_text_align_phone=&#8220;left&#8220; header_4_text_align_last_edited=&#8220;on|desktop&#8220;]<\/p>\n<h4>Viel Spass beim lesen !<\/h4>\n<p>[\/et_pb_text][\/et_pb_column][et_pb_column type=&#8220;2_3&#8243; _builder_version=&#8220;4.4.5&#8243;][et_pb_text _builder_version=&#8220;4.7.4&#8243; hover_enabled=&#8220;0&#8243; sticky_enabled=&#8220;0&#8243;]<\/p>\n<ul>\n<li><a href=\"https:\/\/drive.google.com\/open?id=16-dB5LnxY8euEo4ufG1xhfd1HAbvAXe4\" target=\"_blank\" rel=\"noopener noreferrer\">Reis in <strong>Duitsland<\/strong> in 2018 met een SK Kotter Pilot, de &#8222;Yentl&#8220;<\/a><\/li>\n<li><a href=\"https:\/\/ladymtravels.wordpress.com\" target=\"_blank\" rel=\"noopener noreferrer\">Verhalen en reisverslagen van Tim en Elaine uit Australi\u00eb, die met hun SK Kotter AC (&#8222;Lady M&#8220;) in <strong>Europa<\/strong> varen<\/a><\/li>\n<li><a href=\"https:\/\/drive.google.com\/open?id=1tOI-9-dkTeV-XwZyE6Zv1Vpw8MPNZILj\" target=\"_blank\" rel=\"noopener noreferrer\">Reis op de Thames in <strong>Engeland<\/strong> in juli 2015 met een SK Sportsman, de &#8222;Deksels&#8220;<\/a><\/li>\n<li><a href=\"https:\/\/sk-jachtbouw.nl\/wp-content\/uploads\/reisverslag_sk-sportsman_denemarken_2014-juli.pdf\" target=\"_blank\" rel=\"noopener noreferrer\">Reis in <strong>Denemarken<\/strong> in juli 2014 met een SK-Sportsman, de &#8222;Deksels&#8220;<\/a><\/li>\n<li><a href=\"https:\/\/drive.google.com\/open?id=1zVbX6ARfGvLcb3_8jCQIDR9A7GQw8zEa\" target=\"_blank\" rel=\"noopener noreferrer\">Reis naar <strong>Zweden<\/strong> en <strong>Noorwegen<\/strong> in juli-augustus 2013 met een SK Sportsman, de &#8222;Deksels&#8220;<\/a><\/li>\n<li><a href=\"https:\/\/sk-jachtbouw.nl\/wp-content\/uploads\/reisverslag_sk-kotter-ok_thister_berlijn_2013-mei-aug.pdf\" target=\"_blank\" rel=\"noopener noreferrer\">Reis naar <strong>Berlijn<\/strong> (&#8218;das Blaue Paradies&#8216;) met de SK Kotter Sedan &#8222;Thister&#8220;, mei &#8211; aug 2013<\/a><\/li>\n<li><a href=\"https:\/\/sk-jachtbouw.nl\/wp-content\/uploads\/reisverslag_sk-kotter-ok_condacum_frankrijk_2013-jul.pdf\" target=\"_blank\" rel=\"noopener noreferrer\">Reis naar <strong>Frankrijk<\/strong> met de SK Kotter Sedan &#8222;Condacum&#8220;, juli 2013 (deel-1)<\/a> en <a href=\"https:\/\/drive.google.com\/open?id=1JzA-ReJYT0LNsixw8KJNQsRjfKq5SreN\">deel 2, aug 2013<\/a><\/li>\n<li><a href=\"https:\/\/sk-jachtbouw.nl\/wp-content\/uploads\/reisverslag_sk-sportsman_kroatie_2012-juli.pdf\" target=\"_blank\" rel=\"noopener noreferrer\">Reis naar <strong>Kroati\u00eb<\/strong> in juli 2012 met een SK Sportsman, de &#8222;Deksels&#8220;<\/a><\/li>\n<li><a href=\"https:\/\/sk-jachtbouw.nl\/wp-content\/uploads\/reisverslag_SK-Kotter-OK_Quattro_SK244_Belgie_2012.pdf\" target=\"_blank\" rel=\"noopener noreferrer\">Reis naar <strong>Belgi\u00eb<\/strong> in juli 2012 met de SK Kotter Sedan, de &#8222;Quattro&#8220;<\/a><\/li>\n<li><a href=\"https:\/\/drive.google.com\/open?id=1BlUesp-f9UxVrtlXSmkzoE_mXkbvSMPB\" target=\"_blank\" rel=\"noopener noreferrer\">Vaartocht naar <strong>Doubs (Frankrijk)<\/strong> met de SK Kotter Sedan &#8222;Condacum&#8220; (SK 246), mei-aug 2012.<\/a><\/li>\n<li><a href=\"https:\/\/drive.google.com\/open?id=1Lq6SJGV-rrpJAsti88NC1GvNe3YFiuU-\" target=\"_blank\" rel=\"noopener noreferrer\">Reis naar <strong>Kroati\u00eb<\/strong> in aug 2011 met een SK Sportsman, de &#8222;Deksels&#8220;<\/a><\/li>\n<li><a href=\"https:\/\/sk-jachtbouw.nl\/wp-content\/uploads\/reisverslag_SK-Kotter-OK_Quattro_SK-244_Zeeland_2011.pdf\" target=\"_blank\" rel=\"noopener noreferrer\">Reis door <strong>Zeeland<\/strong> in juli\/aug 2011 met de SK Kotter Sedan, de &#8222;Quattro&#8220;<\/a><\/li>\n<li><a href=\"https:\/\/drive.google.com\/open?id=1ayo9HdMVglqS2NjWLMBeWWK5prrf_sq9\" target=\"_blank\" rel=\"noopener noreferrer\">Reis naar <strong>Champagne<\/strong> en <strong>Ile de France<\/strong> in 2011 met de SK Kotter Sedan, de &#8222;Condacum&#8220;<\/a><\/li>\n<li><a href=\"https:\/\/sk-jachtbouw.nl\/wp-content\/uploads\/reisverslag_sk-kotter-Nordsee-Ostsee_2010.pdf\" target=\"_blank\" rel=\"noopener noreferrer\">Mit der &#8222;Exotik&#8220; durch raue See (2010, <strong>Nord- und Ostsee<\/strong>)<\/a><\/li>\n<li><a href=\"https:\/\/sk-jachtbouw.nl\/wp-content\/uploads\/reisverslag_SK-Kotter-OK_Quattro_SK-244_Nrd-NL_2010_dl-1.pdf\" target=\"_blank\" rel=\"noopener noreferrer\">Reis door <strong>Noord-Nederland<\/strong> in 2010 met de SK Kotter Sedan, de &#8222;Quattro&#8220; (deel-1)<\/a><\/li>\n<li><a href=\"https:\/\/sk-jachtbouw.nl\/wp-content\/uploads\/reisverslag_SK-Kotter-OK_Quattro_SK-244_Nrd-NL_2010_dl-2.pdf\" target=\"_blank\" rel=\"noopener noreferrer\">Reis door <strong>Noord-Nederland<\/strong> in 2010 met de SK Kotter Sedan, de &#8222;Quattro&#8220; (deel-2)<\/a><\/li>\n<li><a href=\"https:\/\/sk-jachtbouw.nl\/wp-content\/uploads\/reisverslag_sk-sportsman_denemarken_2010.pdf\" target=\"_blank\" rel=\"noopener noreferrer\">Reis naar <strong>Denemarken<\/strong> in 2010 met een SK Sportsman, de &#8222;Deksels&#8220;<\/a><\/li>\n<li><a href=\"https:\/\/sk-jachtbouw.nl\/wp-content\/uploads\/reisverslag_sk-kotter-ok_Nrd-Nederland_2010.pdf\" target=\"_blank\" rel=\"noopener noreferrer\">Reis door Noord-Nederland in 2010 met een SK Kotter Sedan, de &#8222;Quattro&#8220;<\/a><\/li>\n<li><a href=\"https:\/\/sk-jachtbouw.nl\/wp-content\/uploads\/reisverslag_sk-kotter-ak-Oostzee-2010.pdf\" target=\"_blank\" rel=\"noopener noreferrer\">Reis naar <strong>Noord-Duitsland<\/strong> en de Oostzee in 2010 met een SK Kotter AC, de &#8222;Prahu Heti&#8220;<\/a><\/li>\n<li><a href=\"https:\/\/drive.google.com\/open?id=15GTHbqFXtgWQIVbwT22iBMyzEH0raiKH\" target=\"_blank\" rel=\"noopener noreferrer\">Reis naar de <strong>Bourgogne<\/strong> in 2010 met een SK Kotter Sedan, de &#8222;Condacum&#8220;<\/a><\/li>\n<li><a href=\"https:\/\/sk-jachtbouw.nl\/wp-content\/uploads\/reisverslag_sk-kotter-ok_nederland-2009.pdf\" target=\"_blank\" rel=\"noopener noreferrer\">Rondje <strong>Nederland<\/strong> in 2009 met een SK Kotter Sedan 1100, de &#8222;Quattro&#8220;<\/a><\/li>\n<li><a href=\"https:\/\/drive.google.com\/open?id=1bEzt5ju8-kg0R6IBYw7M7Fzg7Yk5S14-\" target=\"_blank\" rel=\"noopener noreferrer\">Reis naar <strong>Kroati\u00eb<\/strong> in 2009 met een SK Sportsman, de &#8222;Deksels&#8220;<\/a><\/li>\n<li><a href=\"https:\/\/sk-jachtbouw.nl\/wp-content\/uploads\/reisverslag_sk-kotter-ak_Duitsland-Berlijn-2009.pdf\" target=\"_blank\" rel=\"noopener noreferrer\">Reis naar <strong>Noord- en Oost Duitsland<\/strong> en <strong>Berlijn<\/strong> in 2009 met een SK Kotter AC, de &#8222;Prahu Heti&#8220;<\/a><\/li>\n<li><a href=\"https:\/\/sk-jachtbouw.nl\/wp-content\/uploads\/reisverslag_sk-kotter-ok_berlijn-2009.pdf\" target=\"_blank\" rel=\"noopener noreferrer\">Reis naar <strong>Berlijn<\/strong> in 2009 met een SK Kotter Sedan, de &#8222;Condacum&#8220;<\/a><\/li>\n<li><a href=\"https:\/\/sk-jachtbouw.nl\/wp-content\/uploads\/reisverslag_sk-kotter-ok_noorwegen-2009.pdf\" target=\"_blank\" rel=\"noopener noreferrer\">Reis naar <strong>Noorwegen<\/strong> in 2009 met de &#8222;Thister&#8220;, een SK Kotter Sedan<\/a><\/li>\n<li><a href=\"https:\/\/sk-jachtbouw.nl\/wp-content\/uploads\/reisverslag_sk-kotter-ok_belgie-frankrijk-zomer-2008.pdf\" target=\"_blank\" rel=\"noopener noreferrer\">Reis naar <strong>Belgie<\/strong> en <strong>Frankrijk<\/strong> in zomer 2008 met de &#8222;Oberon&#8220;, een SK Kotter Sedan<\/a><\/li>\n<li><a href=\"https:\/\/drive.google.com\/open?id=18bTvMVa8mxENY-gnLrgl7eP8ZzvPyWuL\" target=\"_blank\" rel=\"noopener noreferrer\">Reis in <strong>Zweden<\/strong> in 2008, met een SK-Sportsman, de &#8222;Deksels&#8220;<\/a><\/li>\n<li><a href=\"https:\/\/drive.google.com\/open?id=1W2xVQTCljpQYv5uWh6sEAnJdXgcFP8fE\" target=\"_blank\" rel=\"noopener noreferrer\">Reis naar <strong>Parijs<\/strong> in 2007 met de &#8222;Warana&#8220;, een SK-Kotter Sedan<\/a><\/li>\n<li><a href=\"https:\/\/sk-jachtbouw.nl\/wp-content\/uploads\/verslag_Maas-Moesel-Rijn_2007.pdf\" target=\"_blank\" rel=\"noopener noreferrer\">Rondje <strong>Maas-Moesel-Lahn-Rijn<\/strong> in 2007 met de &#8222;Prahu Heti&#8220;, een SK-Kotter AC<\/a><\/li>\n<li><a href=\"https:\/\/sk-jachtbouw.nl\/wp-content\/uploads\/reisverslag_sk-kotter-ok_denemarken-2006.pdf\" target=\"_blank\" rel=\"noopener noreferrer\">Reis naar <strong>Denemarken<\/strong> in 2006 met de &#8222;Thister&#8220;, een SK-Kotter Sedan<\/a><\/li>\n<li><a href=\"https:\/\/sk-jachtbouw.nl\/wp-content\/uploads\/reisverslag_sk-kotter-ok_zweden-2004.pdf\" target=\"_blank\" rel=\"noopener noreferrer\">Reis naar <strong>Zweden<\/strong> in 2004 met de &#8222;Thister&#8220;, een SK-Kotter Sedan<\/a><\/li>\n<\/ul>\n<p>[\/et_pb_text][\/et_pb_column][\/et_pb_row][\/et_pb_section]<\/p>\n","protected":false},"excerpt":{"rendered":"<p>Einige unserer Kunden m\u00f6chten die Geschichten \u00fcber die Reisen mit ihrer SK-Jacht gerne mit Ihnen teilen. Die nachstehenden Reiseberichte erz\u00e4hlen ihre Erlebnisse. (Leider nur in niederl\u00e4ndischer Sprache abrufbar).Viel Spass beim lesen ! Reis in Duitsland in 2018 met een SK Kotter Pilot, de &#8222;Yentl&#8220; Verhalen en reisverslagen van Tim en Elaine uit Australi\u00eb, die met [&hellip;]<\/p>\n","protected":false},"author":1,"featured_media":0,"parent":0,"menu_order":0,"comment_status":"closed","ping_status":"closed","template":"","meta":{"_et_pb_use_builder":"on","_et_pb_old_content":"","_et_gb_content_width":"","footnotes":""},"class_list":["post-5693","page","type-page","status-publish","hentry"],"_links":{"self":[{"href":"https:\/\/sk-jachtbouw.nl\/de\/wp-json\/wp\/v2\/pages\/5693"}],"collection":[{"href":"https:\/\/sk-jachtbouw.nl\/de\/wp-json\/wp\/v2\/pages"}],"about":[{"href":"https:\/\/sk-jachtbouw.nl\/de\/wp-json\/wp\/v2\/types\/page"}],"author":[{"embeddable":true,"href":"https:\/\/sk-jachtbouw.nl\/de\/wp-json\/wp\/v2\/users\/1"}],"replies":[{"embeddable":true,"href":"https:\/\/sk-jachtbouw.nl\/de\/wp-json\/wp\/v2\/comments?post=5693"}],"version-history":[{"count":6,"href":"https:\/\/sk-jachtbouw.nl\/de\/wp-json\/wp\/v2\/pages\/5693\/revisions"}],"predecessor-version":[{"id":6872,"href":"https:\/\/sk-jachtbouw.nl\/de\/wp-json\/wp\/v2\/pages\/5693\/revisions\/6872"}],"wp:attachment":[{"href":"https:\/\/sk-jachtbouw.nl\/de\/wp-json\/wp\/v2\/media?parent=5693"}],"curies":[{"name":"wp","href":"https:\/\/api.w.org\/{rel}","templated":true}]}}