{"id":5688,"date":"2020-04-25T13:59:09","date_gmt":"2020-04-25T13:59:09","guid":{"rendered":"http:\/\/sk-jachtbouw.nl\/ueber-uns\/"},"modified":"2024-11-19T10:42:29","modified_gmt":"2024-11-19T10:42:29","slug":"ueber-uns","status":"publish","type":"page","link":"https:\/\/sk-jachtbouw.nl\/de\/ueber-uns\/","title":{"rendered":"\u00dcber uns"},"content":{"rendered":"<p>[et_pb_section fb_built=&#8220;1&#8243; fullwidth=&#8220;on&#8220; _builder_version=&#8220;4.16&#8243; min_height_last_edited=&#8220;off|desktop&#8220; collapsed=&#8220;on&#8220; global_colors_info=&#8220;{}&#8220;][et_pb_fullwidth_image src=&#8220;https:\/\/sk-jachtbouw.nl\/wp-content\/uploads\/40-jaar-panorama.jpg&#8220; title_text=&#8220;40-jaar-panorama&#8220; _builder_version=&#8220;4.16&#8243; global_colors_info=&#8220;{}&#8220;][\/et_pb_fullwidth_image][\/et_pb_section][et_pb_section fb_built=&#8220;1&#8243; _builder_version=&#8220;4.16&#8243; custom_padding=&#8220;34px||29px|||&#8220; global_colors_info=&#8220;{}&#8220;][et_pb_row _builder_version=&#8220;4.16&#8243; custom_padding=&#8220;2px||2px||false|false&#8220; global_colors_info=&#8220;{}&#8220;][et_pb_column type=&#8220;4_4&#8243; _builder_version=&#8220;4.16&#8243; global_colors_info=&#8220;{}&#8220;][et_pb_text _builder_version=&#8220;4.16&#8243; header_font_size_tablet=&#8220;&#8220; header_font_size_phone=&#8220;28px&#8220; header_font_size_last_edited=&#8220;on|phone&#8220; global_colors_info=&#8220;{}&#8220;]<\/p>\n<h1>Ihre W\u00fcnsche und unsere Erfahrung<\/h1>\n<p>[\/et_pb_text][\/et_pb_column][\/et_pb_row][et_pb_row column_structure=&#8220;1_2,1_2&#8243; _builder_version=&#8220;4.16&#8243; custom_padding=&#8220;15px|||||&#8220; global_colors_info=&#8220;{}&#8220;][et_pb_column type=&#8220;1_2&#8243; _builder_version=&#8220;4.16&#8243; global_colors_info=&#8220;{}&#8220;][et_pb_text _builder_version=&#8220;4.16&#8243; global_colors_info=&#8220;{}&#8220;]<\/p>\n<p><strong>Stilvolle, robuste Schiffe, mit denen Sie bei jedem Wetter unterwegs sein k\u00f6nnen, sind die Spezialit\u00e4t von SKJachtbouw aus Sneek. Schon seit 1974 bauen wir Stahlschiffe nach Ma\u00df. Mit der Berufsschifffahrt als Inspiration und mit einem offenen Ohr f\u00fcr die W\u00fcnsche der Wassersportler entstand unser Stolz: der Sneker Kotter, oder auch SK-Kotter. Sp\u00e4ter kamen die anderen Motoryachten der SK-Modellreihe hinzu.<\/strong><\/p>\n<p>Es spielt keine Rolle, welche Version unserer SK-Motoryachten Sie Ihr Eigen nennen. Sie treffen in jedem Fall die Entscheidung f\u00fcr h\u00f6chste Qua lit\u00e4t. Unsere Schiffe sind wie wir selbst: stabil und zuverl\u00e4ssig. So verwenden wir Stahl, der 20 bis 25 Prozent dicker ist, als das Material, das die meisten Yachtbauer verwenden.<\/p>\n<p>W\u00e4hrend das niedrige Freibord und die breiten Gangborde mit einer handfesten Reling und Pollern auf soliden Fundamenten f\u00fcr Sicherheit und Komfort an Deck sorgen, bietet das Innenleben einer SK-Motoryacht alle Voraussetzungen f\u00fcr einen he rr lichen Tagest\u00f6rn oder einen unvergesslichen Urlaub.\n<\/p>\n<p>[\/et_pb_text][\/et_pb_column][et_pb_column type=&#8220;1_2&#8243; _builder_version=&#8220;4.16&#8243; global_colors_info=&#8220;{}&#8220;][et_pb_text _builder_version=&#8220;4.16&#8243; global_colors_info=&#8220;{}&#8220;]<\/p>\n<p>Auf dieser Website zeigen wir Ihnen gern, was Ihnen SK-Jachtbouw alles zu bieten hat. Denken Sie dabei aber immer daran, dass Sie die endg\u00fcltige Umsetzung immer selbst bestimmen. Denn SK-Jachtbouw richtet sich bei der Verarbeitung und den Sonderausstattungen ganz nach Ihren W\u00fcnschen.<\/p>\n<p>Bis auf den SK-Kotter Paviljoen haben alle SK-Motorjachten eine Durchfahrtsh\u00f6he von maximal 2,45 Metern. Dies erm\u00f6glicht Ihnen mit Ihrem Schiff eine gro\u00dfe Bewegungsfreiheit in Binnengew\u00e4ssern, wo viele feste Br\u00fccken nur 2,50 Meter hoch sind.<\/p>\n<p>Wie wir Ihre W\u00fcnsche in Bezug auf das Fahrrevier oder andere Ideen f\u00fcr Ihre Freizeit an Bord an Bord einer SK-Motoryacht umsetzen, erfahren Sie auf dieser Website.<\/p>\n<p>Unsere Motorjachten werden gem\u00e4\u00df den CE Normen C oder D gebaut.<\/p>\n<p>SK Jachtbau ist Mitglied bei der Niederl\u00e4ndischen Jachtbau Industrie (NJI). NJI wiederum geh\u00f6rt der K\u00f6niglichen Metallunion an.\n<\/p>\n<p>[\/et_pb_text][\/et_pb_column][\/et_pb_row][\/et_pb_section][et_pb_section fb_built=&#8220;1&#8243; custom_padding_last_edited=&#8220;on|phone&#8220; admin_label=&#8220;Section_keuze&#8220; _builder_version=&#8220;4.27.2&#8243; background_color=&#8220;rgba(132,147,168,0.12)&#8220; background_image=&#8220;https:\/\/sk-jachtbouw.nl\/wp-content\/uploads\/bg-mi_02_.jpg&#8220; background_blend=&#8220;color-burn&#8220; custom_padding=&#8220;30px||21px||false|false&#8220; custom_padding_tablet=&#8220;||0px||false|false&#8220; custom_padding_phone=&#8220;||8px||false|false&#8220; hover_enabled=&#8220;0&#8243; collapsed=&#8220;off&#8220; global_colors_info=&#8220;{}&#8220; title_text=&#8220;bg-mi_02_&#8220; sticky_enabled=&#8220;0&#8243;][et_pb_row custom_padding_last_edited=&#8220;on|phone&#8220; _builder_version=&#8220;4.16&#8243; width_tablet=&#8220;&#8220; width_phone=&#8220;90%&#8220; width_last_edited=&#8220;on|phone&#8220; custom_margin=&#8220;||||false|false&#8220; custom_margin_tablet=&#8220;|auto|-4px|auto|false|false&#8220; custom_margin_phone=&#8220;|5%|-7px|5%|false|false&#8220; custom_margin_last_edited=&#8220;on|phone&#8220; custom_padding=&#8220;0px||0px|||&#8220; custom_padding_tablet=&#8220;&#8220; custom_padding_phone=&#8220;||||false|false&#8220; global_colors_info=&#8220;{}&#8220;][et_pb_column type=&#8220;4_4&#8243; _builder_version=&#8220;4.16&#8243; global_colors_info=&#8220;{}&#8220;][et_pb_text _builder_version=&#8220;4.16&#8243; header_2_text_color=&#8220;#ffffff&#8220; custom_margin=&#8220;||-2px|||&#8220; global_colors_info=&#8220;{}&#8220;]<\/p>\n<h2>Mehr \u00fcber uns&#8230;<\/h2>\n<p>[\/et_pb_text][\/et_pb_column][\/et_pb_row][et_pb_row column_structure=&#8220;1_4,1_4,1_4,1_4&#8243; custom_padding_last_edited=&#8220;on|phone&#8220; _builder_version=&#8220;4.16&#8243; width_tablet=&#8220;&#8220; width_phone=&#8220;90%&#8220; width_last_edited=&#8220;on|phone&#8220; custom_margin=&#8220;||||false|false&#8220; custom_margin_tablet=&#8220;&#8220; custom_margin_phone=&#8220;0px|5%||5%|false|false&#8220; custom_margin_last_edited=&#8220;on|phone&#8220; custom_padding_tablet=&#8220;17px||21px||false|false&#8220; custom_padding_phone=&#8220;||25px||false|false&#8220; global_colors_info=&#8220;{}&#8220;][et_pb_column type=&#8220;1_4&#8243; _builder_version=&#8220;4.16&#8243; global_colors_info=&#8220;{}&#8220;][et_pb_text _builder_version=&#8220;4.16&#8243; background_color=&#8220;#ffffff&#8220; transform_scale_linked__hover=&#8220;off&#8220; transform_translate_linked__hover=&#8220;off&#8220; custom_margin=&#8220;-11px||-11px||false|false&#8220; custom_padding=&#8220;3px||3px||false|false&#8220; animation_style=&#8220;zoom&#8220; link_option_url=&#8220;https:\/\/sk-jachtbouw.nl\/de\/kontakt\/&#8220; border_radii=&#8220;on|4px|4px|4px|4px&#8220; border_width_all=&#8220;1px&#8220; border_color_all=&#8220;#c9c9c9&#8243; box_shadow_style=&#8220;preset1&#8243; box_shadow_vertical=&#8220;4px&#8220; box_shadow_blur=&#8220;12px&#8220; box_shadow_spread=&#8220;-3px&#8220; global_colors_info=&#8220;{}&#8220; background__hover_enabled=&#8220;on|hover&#8220; background_color__hover=&#8220;#ffffff&#8220; background_enable_color__hover=&#8220;on&#8220; transform_styles__hover_enabled=&#8220;on|hover&#8220; transform_scale__hover_enabled=&#8220;on|hover&#8220; transform_translate__hover_enabled=&#8220;on|hover&#8220; transform_rotate__hover_enabled=&#8220;on|hover&#8220; transform_skew__hover_enabled=&#8220;on|hover&#8220; transform_origin__hover_enabled=&#8220;on|hover&#8220; transform_translate__hover=&#8220;0px|-3px&#8220;]<\/p>\n<p style=\"text-align: center;\"><strong>Kontakt<\/strong><\/p>\n<p>[\/et_pb_text][\/et_pb_column][et_pb_column type=&#8220;1_4&#8243; _builder_version=&#8220;4.16&#8243; global_colors_info=&#8220;{}&#8220;][et_pb_text _builder_version=&#8220;4.16&#8243; background_color=&#8220;#ffffff&#8220; transform_scale_linked__hover=&#8220;off&#8220; transform_translate_linked__hover=&#8220;off&#8220; custom_margin=&#8220;-11px||-11px||false|false&#8220; custom_padding=&#8220;3px||3px||false|false&#8220; animation_style=&#8220;zoom&#8220; link_option_url=&#8220;https:\/\/sk-jachtbouw.nl\/de\/news\/&#8220; border_radii=&#8220;on|4px|4px|4px|4px&#8220; border_width_all=&#8220;1px&#8220; border_color_all=&#8220;#c9c9c9&#8243; box_shadow_style=&#8220;preset1&#8243; box_shadow_vertical=&#8220;4px&#8220; box_shadow_blur=&#8220;12px&#8220; box_shadow_spread=&#8220;-3px&#8220; global_colors_info=&#8220;{}&#8220; background__hover_enabled=&#8220;on|hover&#8220; background_color__hover=&#8220;#ffffff&#8220; background_enable_color__hover=&#8220;on&#8220; transform_styles__hover_enabled=&#8220;on|hover&#8220; transform_scale__hover_enabled=&#8220;on|hover&#8220; transform_translate__hover_enabled=&#8220;on|hover&#8220; transform_rotate__hover_enabled=&#8220;on|hover&#8220; transform_skew__hover_enabled=&#8220;on|hover&#8220; transform_origin__hover_enabled=&#8220;on|hover&#8220; transform_translate__hover=&#8220;0px|-3px&#8220;]<\/p>\n<p style=\"text-align: center;\"><strong>News<\/strong><\/p>\n<p>[\/et_pb_text][\/et_pb_column][et_pb_column type=&#8220;1_4&#8243; _builder_version=&#8220;4.16&#8243; global_colors_info=&#8220;{}&#8220;][et_pb_text _builder_version=&#8220;4.16&#8243; background_color=&#8220;#ffffff&#8220; transform_scale_linked__hover=&#8220;off&#8220; transform_translate_linked__hover=&#8220;off&#8220; custom_margin=&#8220;-11px||-11px||false|false&#8220; custom_padding=&#8220;3px||3px||false|false&#8220; animation_style=&#8220;zoom&#8220; link_option_url=&#8220;https:\/\/sk-jachtbouw.nl\/de\/die-menschen\/&#8220; border_radii=&#8220;on|4px|4px|4px|4px&#8220; border_width_all=&#8220;1px&#8220; border_color_all=&#8220;#c9c9c9&#8243; box_shadow_style=&#8220;preset1&#8243; box_shadow_vertical=&#8220;4px&#8220; box_shadow_blur=&#8220;12px&#8220; box_shadow_spread=&#8220;-3px&#8220; global_colors_info=&#8220;{}&#8220; background__hover_enabled=&#8220;on|hover&#8220; background_color__hover=&#8220;#ffffff&#8220; background_enable_color__hover=&#8220;on&#8220; transform_styles__hover_enabled=&#8220;on|hover&#8220; transform_scale__hover_enabled=&#8220;on|hover&#8220; transform_translate__hover_enabled=&#8220;on|hover&#8220; transform_rotate__hover_enabled=&#8220;on|hover&#8220; transform_skew__hover_enabled=&#8220;on|hover&#8220; transform_origin__hover_enabled=&#8220;on|hover&#8220; transform_translate__hover=&#8220;0px|-3px&#8220;]<\/p>\n<p style=\"text-align: center;\"><strong>Die Menschen<\/strong><\/p>\n<p>[\/et_pb_text][\/et_pb_column][et_pb_column type=&#8220;1_4&#8243; _builder_version=&#8220;4.16&#8243; global_colors_info=&#8220;{}&#8220;][et_pb_text _builder_version=&#8220;4.16&#8243; background_color=&#8220;#ffffff&#8220; transform_scale_linked__hover=&#8220;off&#8220; transform_translate_linked__hover=&#8220;off&#8220; custom_margin=&#8220;-11px||-11px||false|false&#8220; custom_padding=&#8220;3px||3px||false|false&#8220; animation_style=&#8220;zoom&#8220; link_option_url=&#8220;https:\/\/sk-jachtbouw.nl\/de\/fahrimpressionen\/&#8220; border_radii=&#8220;on|4px|4px|4px|4px&#8220; border_width_all=&#8220;1px&#8220; border_color_all=&#8220;#c9c9c9&#8243; box_shadow_style=&#8220;preset1&#8243; box_shadow_vertical=&#8220;4px&#8220; box_shadow_blur=&#8220;12px&#8220; box_shadow_spread=&#8220;-3px&#8220; global_colors_info=&#8220;{}&#8220; background__hover_enabled=&#8220;on|hover&#8220; background_color__hover=&#8220;#ffffff&#8220; background_enable_color__hover=&#8220;on&#8220; transform_styles__hover_enabled=&#8220;on|hover&#8220; transform_scale__hover_enabled=&#8220;on|hover&#8220; transform_translate__hover_enabled=&#8220;on|hover&#8220; transform_rotate__hover_enabled=&#8220;on|hover&#8220; transform_skew__hover_enabled=&#8220;on|hover&#8220; transform_origin__hover_enabled=&#8220;on|hover&#8220; transform_translate__hover=&#8220;0px|-3px&#8220;]<\/p>\n<p style=\"text-align: center;\"><strong>Geschichte<\/strong><\/p>\n<p>[\/et_pb_text][\/et_pb_column][\/et_pb_row][\/et_pb_section]<\/p>\n","protected":false},"excerpt":{"rendered":"<p>Ihre W\u00fcnsche und unsere ErfahrungStilvolle, robuste Schiffe, mit denen Sie bei jedem Wetter unterwegs sein k\u00f6nnen, sind die Spezialit\u00e4t von SKJachtbouw aus Sneek. Schon seit 1974 bauen wir Stahlschiffe nach Ma\u00df. Mit der Berufsschifffahrt als Inspiration und mit einem offenen Ohr f\u00fcr die W\u00fcnsche der Wassersportler entstand unser Stolz: der Sneker Kotter, oder auch SK-Kotter. [&hellip;]<\/p>\n","protected":false},"author":1,"featured_media":0,"parent":0,"menu_order":0,"comment_status":"closed","ping_status":"closed","template":"","meta":{"_et_pb_use_builder":"on","_et_pb_old_content":"","_et_gb_content_width":"","footnotes":""},"class_list":["post-5688","page","type-page","status-publish","hentry"],"_links":{"self":[{"href":"https:\/\/sk-jachtbouw.nl\/de\/wp-json\/wp\/v2\/pages\/5688"}],"collection":[{"href":"https:\/\/sk-jachtbouw.nl\/de\/wp-json\/wp\/v2\/pages"}],"about":[{"href":"https:\/\/sk-jachtbouw.nl\/de\/wp-json\/wp\/v2\/types\/page"}],"author":[{"embeddable":true,"href":"https:\/\/sk-jachtbouw.nl\/de\/wp-json\/wp\/v2\/users\/1"}],"replies":[{"embeddable":true,"href":"https:\/\/sk-jachtbouw.nl\/de\/wp-json\/wp\/v2\/comments?post=5688"}],"version-history":[{"count":4,"href":"https:\/\/sk-jachtbouw.nl\/de\/wp-json\/wp\/v2\/pages\/5688\/revisions"}],"predecessor-version":[{"id":7640,"href":"https:\/\/sk-jachtbouw.nl\/de\/wp-json\/wp\/v2\/pages\/5688\/revisions\/7640"}],"wp:attachment":[{"href":"https:\/\/sk-jachtbouw.nl\/de\/wp-json\/wp\/v2\/media?parent=5688"}],"curies":[{"name":"wp","href":"https:\/\/api.w.org\/{rel}","templated":true}]}}