{"id":5633,"date":"2020-04-25T13:59:27","date_gmt":"2020-04-25T13:59:27","guid":{"rendered":"http:\/\/sk-jachtbouw.nl\/die-menschen\/"},"modified":"2024-11-06T14:17:18","modified_gmt":"2024-11-06T14:17:18","slug":"die-menschen","status":"publish","type":"page","link":"https:\/\/sk-jachtbouw.nl\/de\/die-menschen\/","title":{"rendered":"Die Menschen"},"content":{"rendered":"<p>[et_pb_section fb_built=&#8220;1&#8243; admin_label=&#8220;Section_keuze&#8220; _builder_version=&#8220;4.16&#8243; background_color=&#8220;rgba(132,147,168,0.12)&#8220; background_image=&#8220;https:\/\/sk-jachtbouw.nl\/wp-content\/uploads\/bg-mi_02_.jpg&#8220; background_blend=&#8220;color-burn&#8220; custom_padding=&#8220;30px||22px||false|false&#8220; collapsed=&#8220;off&#8220; global_colors_info=&#8220;{}&#8220;][et_pb_row column_structure=&#8220;1_3,1_3,1_3&#8243; custom_padding_last_edited=&#8220;on|phone&#8220; _builder_version=&#8220;4.16&#8243; width_tablet=&#8220;&#8220; width_phone=&#8220;90%&#8220; width_last_edited=&#8220;on|phone&#8220; custom_margin=&#8220;||||false|false&#8220; custom_margin_tablet=&#8220;&#8220; custom_margin_phone=&#8220;0px|5%||5%|false|false&#8220; custom_margin_last_edited=&#8220;on|phone&#8220; custom_padding_tablet=&#8220;17px||21px||false|false&#8220; custom_padding_phone=&#8220;||25px||false|false&#8220; global_colors_info=&#8220;{}&#8220;][et_pb_column type=&#8220;1_3&#8243; _builder_version=&#8220;4.16&#8243; global_colors_info=&#8220;{}&#8220;][et_pb_text _builder_version=&#8220;4.16&#8243; background_color=&#8220;#ffffff&#8220; transform_scale_linked__hover=&#8220;off&#8220; transform_translate_linked__hover=&#8220;off&#8220; custom_margin=&#8220;-11px||-11px||false|false&#8220; custom_padding=&#8220;3px||3px||false|false&#8220; animation_style=&#8220;zoom&#8220; link_option_url=&#8220;https:\/\/sk-jachtbouw.nl\/de\/kontakt\/&#8220; border_radii=&#8220;on|4px|4px|4px|4px&#8220; border_width_all=&#8220;1px&#8220; border_color_all=&#8220;#c9c9c9&#8243; box_shadow_style=&#8220;preset1&#8243; box_shadow_vertical=&#8220;4px&#8220; box_shadow_blur=&#8220;12px&#8220; box_shadow_spread=&#8220;-3px&#8220; global_colors_info=&#8220;{}&#8220; background__hover_enabled=&#8220;on|hover&#8220; background_color__hover=&#8220;#ffffff&#8220; background_enable_color__hover=&#8220;on&#8220; transform_styles__hover_enabled=&#8220;on|hover&#8220; transform_scale__hover_enabled=&#8220;on|hover&#8220; transform_translate__hover_enabled=&#8220;on|hover&#8220; transform_rotate__hover_enabled=&#8220;on|hover&#8220; transform_skew__hover_enabled=&#8220;on|hover&#8220; transform_origin__hover_enabled=&#8220;on|hover&#8220; transform_translate__hover=&#8220;0px|-3px&#8220;]<\/p>\n<p style=\"text-align: center;\"><strong>Kontakt<\/strong><\/p>\n<p>[\/et_pb_text][\/et_pb_column][et_pb_column type=&#8220;1_3&#8243; _builder_version=&#8220;4.16&#8243; global_colors_info=&#8220;{}&#8220;][et_pb_text _builder_version=&#8220;4.16&#8243; background_color=&#8220;#ffffff&#8220; transform_scale_linked__hover=&#8220;off&#8220; transform_translate_linked__hover=&#8220;off&#8220; custom_margin=&#8220;-11px||-11px||false|false&#8220; custom_padding=&#8220;3px||3px||false|false&#8220; animation_style=&#8220;zoom&#8220; link_option_url=&#8220;https:\/\/sk-jachtbouw.nl\/de\/news\/&#8220; border_radii=&#8220;on|4px|4px|4px|4px&#8220; border_width_all=&#8220;1px&#8220; border_color_all=&#8220;#c9c9c9&#8243; box_shadow_style=&#8220;preset1&#8243; box_shadow_vertical=&#8220;4px&#8220; box_shadow_blur=&#8220;12px&#8220; box_shadow_spread=&#8220;-3px&#8220; global_colors_info=&#8220;{}&#8220; background__hover_enabled=&#8220;on|hover&#8220; background_color__hover=&#8220;#ffffff&#8220; background_enable_color__hover=&#8220;on&#8220; transform_styles__hover_enabled=&#8220;on|hover&#8220; transform_scale__hover_enabled=&#8220;on|hover&#8220; transform_translate__hover_enabled=&#8220;on|hover&#8220; transform_rotate__hover_enabled=&#8220;on|hover&#8220; transform_skew__hover_enabled=&#8220;on|hover&#8220; transform_origin__hover_enabled=&#8220;on|hover&#8220; transform_translate__hover=&#8220;0px|-3px&#8220;]<\/p>\n<p style=\"text-align: center;\"><strong>News<\/strong><\/p>\n<p>[\/et_pb_text][\/et_pb_column][et_pb_column type=&#8220;1_3&#8243; _builder_version=&#8220;4.16&#8243; global_colors_info=&#8220;{}&#8220;][et_pb_text _builder_version=&#8220;4.16&#8243; background_color=&#8220;#ffffff&#8220; transform_scale_linked__hover=&#8220;off&#8220; transform_translate_linked__hover=&#8220;off&#8220; custom_margin=&#8220;-11px||-11px||false|false&#8220; custom_padding=&#8220;3px||3px||false|false&#8220; animation_style=&#8220;zoom&#8220; link_option_url=&#8220;https:\/\/sk-jachtbouw.nl\/de\/geschichte\/&#8220; border_radii=&#8220;on|4px|4px|4px|4px&#8220; border_width_all=&#8220;1px&#8220; border_color_all=&#8220;#c9c9c9&#8243; box_shadow_style=&#8220;preset1&#8243; box_shadow_vertical=&#8220;4px&#8220; box_shadow_blur=&#8220;12px&#8220; box_shadow_spread=&#8220;-3px&#8220; global_colors_info=&#8220;{}&#8220; background__hover_enabled=&#8220;on|hover&#8220; background_color__hover=&#8220;#ffffff&#8220; background_enable_color__hover=&#8220;on&#8220; transform_styles__hover_enabled=&#8220;on|hover&#8220; transform_scale__hover_enabled=&#8220;on|hover&#8220; transform_translate__hover_enabled=&#8220;on|hover&#8220; transform_rotate__hover_enabled=&#8220;on|hover&#8220; transform_skew__hover_enabled=&#8220;on|hover&#8220; transform_origin__hover_enabled=&#8220;on|hover&#8220; transform_translate__hover=&#8220;0px|-3px&#8220;]<\/p>\n<p style=\"text-align: center;\"><strong>Geschichte<\/strong><\/p>\n<p>[\/et_pb_text][\/et_pb_column][\/et_pb_row][\/et_pb_section][et_pb_section fb_built=&#8220;1&#8243; admin_label=&#8220;Section_text&#8220; _builder_version=&#8220;4.16&#8243; custom_padding=&#8220;34px||29px|||&#8220; collapsed=&#8220;off&#8220; global_colors_info=&#8220;{}&#8220;][et_pb_row _builder_version=&#8220;4.16&#8243; custom_padding=&#8220;2px||2px||false|false&#8220; global_colors_info=&#8220;{}&#8220;][et_pb_column type=&#8220;4_4&#8243; _builder_version=&#8220;4.16&#8243; global_colors_info=&#8220;{}&#8220;][et_pb_text _builder_version=&#8220;4.16&#8243; header_font_size_tablet=&#8220;&#8220; header_font_size_phone=&#8220;28px&#8220; header_font_size_last_edited=&#8220;on|phone&#8220; global_colors_info=&#8220;{}&#8220;]<\/p>\n<h1>Die Menschen im Betrieb<\/h1>\n<p>[\/et_pb_text][\/et_pb_column][\/et_pb_row][et_pb_row column_structure=&#8220;1_2,1_2&#8243; _builder_version=&#8220;4.16&#8243; custom_padding=&#8220;15px|||||&#8220; global_colors_info=&#8220;{}&#8220;][et_pb_column type=&#8220;1_2&#8243; _builder_version=&#8220;4.16&#8243; global_colors_info=&#8220;{}&#8220;][et_pb_text _builder_version=&#8220;4.27.2&#8243; hover_enabled=&#8220;0&#8243; global_colors_info=&#8220;{}&#8220; sticky_enabled=&#8220;0&#8243;]<\/p>\n<p><strong>Bei SK Jachtbouw sprechen Sie mit dem gesch\u00e4ftsf\u00fchrenden Inhaber, der \u00fcber 30 Jahre Erfahrung mit dem Bau, der \u00dcberholung und der Wartung von Booten, Flachbooten, Motorjachten und Berufsfahrzeugen mitbringt.<\/strong><\/p>\n<p><strong>Wir verf\u00fcgen weder \u00fcber Verk\u00e4ufer noch \u00fcber ein kostspieliges H\u00e4ndlernetzwerk. Aufgrund unserer flachen Organisationsstruktur und einem Netzwerk aus spezialisierten Lieferanten k\u00f6nnen wir schnell Entscheidungen bez\u00fcglich der Realisierung und Preisgestaltung treffen.<\/strong><\/p>\n<p><strong>Aufgrund des engen Kontakts und der Zusammenarbeit mit unseren Kunden und Lieferanten kommen wir zu praktischen Ideen und sch\u00f6nen L\u00f6sungen. Dies resultierte bereits in der Realisierung von mehr als 200 einzigartigen Booten und SK-Motorjachten.<\/strong><\/p>\n<p>[\/et_pb_text][\/et_pb_column][et_pb_column type=&#8220;1_2&#8243; _builder_version=&#8220;4.16&#8243; global_colors_info=&#8220;{}&#8220;][et_pb_image src=&#8220;https:\/\/sk-jachtbouw.nl\/wp-content\/uploads\/Betsy-Westerhuis_Tjerk-Tuinstra-2.jpg&#8220; title_text=&#8220;Betsy-Westerhuis_Tjerk-Tuinstra-2&#8243; _builder_version=&#8220;4.16&#8243; global_colors_info=&#8220;{}&#8220;][\/et_pb_image][\/et_pb_column][\/et_pb_row][et_pb_row column_structure=&#8220;1_2,1_2&#8243; _builder_version=&#8220;4.16&#8243; custom_padding=&#8220;15px|||||&#8220; global_colors_info=&#8220;{}&#8220;][et_pb_column type=&#8220;1_2&#8243; _builder_version=&#8220;4.16&#8243; global_colors_info=&#8220;{}&#8220;][et_pb_text _builder_version=&#8220;4.16&#8243; global_colors_info=&#8220;{}&#8220;]<\/p>\n<h4>Ingenieur Tjerk Tuinstra<\/h4>\n<p>ist Direktor\/Eigent\u00fcmer von SK Jachtbouw und zugleich ein erfahrener Wassersportler. Er kann deshalb seine Erfahrungen in die Entwicklung und den Bau von SK-Motorjachten einflie\u00dfen lassen und gleichzeitig moderne Techniken sowie die W\u00fcnsche von anspruchsvollen Wassersportler\/innen unter einen Hut bringen.<\/p>\n<p>[\/et_pb_text][\/et_pb_column][et_pb_column type=&#8220;1_2&#8243; _builder_version=&#8220;4.16&#8243; global_colors_info=&#8220;{}&#8220;][et_pb_text _builder_version=&#8220;4.16&#8243; global_colors_info=&#8220;{}&#8220;]<\/p>\n<h4>Betsy Westerhuis<\/h4>\n<p>ist spezialisiert in den Bereichen Interieur, Textilien, Polsterung, Farbberatung, Styling und Schlafkomfort. Sie ber\u00e4t und begleitet die zuk\u00fcnftigen Jachteigner\/innen bei der Wahl aus einem hochwertigen und umfangreichen Sortiment mit Textilien und Farben.[\/et_pb_text][\/et_pb_column][\/et_pb_row][\/et_pb_section][et_pb_section fb_built=&#8220;1&#8243; admin_label=&#8220;Royal Sliders interieur&#8220; _builder_version=&#8220;4.16&#8243; custom_margin=&#8220;||||false|false&#8220; custom_padding=&#8220;15px||15px|||&#8220; custom_css_main_element=&#8220;overflow:visible;||z-index:2222;&#8220; collapsed=&#8220;off&#8220; global_colors_info=&#8220;{}&#8220;][\/et_pb_section]<\/p>\n","protected":false},"excerpt":{"rendered":"<p>KontaktNewsGeschichteDie Menschen im BetriebBei SK Jachtbouw sprechen Sie mit dem gesch\u00e4ftsf\u00fchrenden Inhaber, der \u00fcber 30 Jahre Erfahrung mit dem Bau, der \u00dcberholung und der Wartung von Booten, Flachbooten, Motorjachten und Berufsfahrzeugen mitbringt. Wir verf\u00fcgen weder \u00fcber Verk\u00e4ufer noch \u00fcber ein kostspieliges H\u00e4ndlernetzwerk. Aufgrund unserer flachen Organisationsstruktur und einem Netzwerk aus spezialisierten Lieferanten k\u00f6nnen wir schnell [&hellip;]<\/p>\n","protected":false},"author":1,"featured_media":0,"parent":0,"menu_order":0,"comment_status":"closed","ping_status":"closed","template":"","meta":{"_et_pb_use_builder":"on","_et_pb_old_content":"","_et_gb_content_width":"","footnotes":""},"class_list":["post-5633","page","type-page","status-publish","hentry"],"_links":{"self":[{"href":"https:\/\/sk-jachtbouw.nl\/de\/wp-json\/wp\/v2\/pages\/5633"}],"collection":[{"href":"https:\/\/sk-jachtbouw.nl\/de\/wp-json\/wp\/v2\/pages"}],"about":[{"href":"https:\/\/sk-jachtbouw.nl\/de\/wp-json\/wp\/v2\/types\/page"}],"author":[{"embeddable":true,"href":"https:\/\/sk-jachtbouw.nl\/de\/wp-json\/wp\/v2\/users\/1"}],"replies":[{"embeddable":true,"href":"https:\/\/sk-jachtbouw.nl\/de\/wp-json\/wp\/v2\/comments?post=5633"}],"version-history":[{"count":9,"href":"https:\/\/sk-jachtbouw.nl\/de\/wp-json\/wp\/v2\/pages\/5633\/revisions"}],"predecessor-version":[{"id":7621,"href":"https:\/\/sk-jachtbouw.nl\/de\/wp-json\/wp\/v2\/pages\/5633\/revisions\/7621"}],"wp:attachment":[{"href":"https:\/\/sk-jachtbouw.nl\/de\/wp-json\/wp\/v2\/media?parent=5633"}],"curies":[{"name":"wp","href":"https:\/\/api.w.org\/{rel}","templated":true}]}}